{"id":253877,"date":"2021-05-05T09:45:12","date_gmt":"2021-05-05T08:45:12","guid":{"rendered":"https:\/\/www.arosno.com\/faq\/"},"modified":"2021-11-12T09:01:00","modified_gmt":"2021-11-12T08:01:00","slug":"faq","status":"publish","type":"page","link":"https:\/\/www.arosno.com\/de\/faq\/","title":{"rendered":"FAQ"},"content":{"rendered":"<p>[et_pb_section fb_built=&#8220;1&#8243; custom_padding_last_edited=&#8220;on|phone&#8220; admin_label=&#8220;Title &#038; breadcrumbs&#8220; module_class=&#8220;breadcrumbs_section&#8220; _builder_version=&#8220;4.9.4&#8243; _module_preset=&#8220;default&#8220; background_enable_color=&#8220;off&#8220; background_image=&#8220;https:\/\/www.arosno.com\/wp-content\/uploads\/2021\/05\/Arosno-etrace-Bandeau-C6275.jpg&#8220; background_position=&#8220;top_center&#8220; custom_padding=&#8220;130px||100px||false|false&#8220; custom_padding_tablet=&#8220;&#8220; custom_padding_phone=&#8220;100px||100px||false|false&#8220; global_module=&#8220;100496&#8243; saved_tabs=&#8220;all&#8220; global_colors_info=&#8220;{}&#8220;][et_pb_row module_class=&#8220;vcenter&#8220; _builder_version=&#8220;4.9.4&#8243; _module_preset=&#8220;default&#8220; custom_padding=&#8220;0px||0px||false|false&#8220; global_colors_info=&#8220;{}&#8220;][et_pb_column type=&#8220;4_4&#8243; _builder_version=&#8220;4.9.4&#8243; _module_preset=&#8220;default&#8220; global_colors_info=&#8220;{}&#8220;]<\/p>\n<p>[et_pb_post_title meta=&#8220;off&#8220; featured_image=&#8220;off&#8220; _builder_version=&#8220;4.9.4&#8243; _module_preset=&#8220;default&#8220; title_font=&#8220;|||on|||||&#8220; title_text_align=&#8220;center&#8220; title_text_color=&#8220;#FFFFFF&#8220; title_font_size=&#8220;48px&#8220; text_orientation=&#8220;center&#8220; title_font_size_tablet=&#8220;40px&#8220; title_font_size_phone=&#8220;32px&#8220; title_font_size_last_edited=&#8220;on|phone&#8220;][\/et_pb_post_title]<\/p>\n<p>[\/et_pb_column][\/et_pb_row][\/et_pb_section][et_pb_section fb_built=&#8220;1&#8243; admin_label=&#8220;FAQ&#8220; module_id=&#8220;faq&#8220; _builder_version=&#8220;4.9.4&#8243; _module_preset=&#8220;default&#8220; global_colors_info=&#8220;{}&#8220;][et_pb_row _builder_version=&#8220;4.9.4&#8243; _module_preset=&#8220;default&#8220; custom_padding=&#8220;0px||0px||false|false&#8220; global_colors_info=&#8220;{}&#8220;][et_pb_column type=&#8220;4_4&#8243; _builder_version=&#8220;4.9.4&#8243; _module_preset=&#8220;default&#8220; global_colors_info=&#8220;{}&#8220;][et_pb_cta title=&#8220;Hier finden Sie Antworten auf Ihre am h\u00e4ufigsten gestellten Fragen&#8220; module_class=&#8220;h2_title&#8220; _builder_version=&#8220;4.9.4&#8243; _module_preset=&#8220;default&#8220; header_text_align=&#8220;center&#8220; header_text_color=&#8220;#000000&#8243; header_line_height=&#8220;1.3em&#8220; background_enable_color=&#8220;off&#8220; background_layout=&#8220;light&#8220; custom_padding=&#8220;0px|0px||0px|false|false&#8220; animation_style=&#8220;fade&#8220; animation_direction=&#8220;right&#8220; header_font_size_tablet=&#8220;&#8220; header_font_size_phone=&#8220;20px&#8220; header_font_size_last_edited=&#8220;on|phone&#8220; global_colors_info=&#8220;{}&#8220;][\/et_pb_cta][\/et_pb_column][\/et_pb_row][et_pb_row _builder_version=&#8220;4.9.4&#8243; _module_preset=&#8220;default&#8220; custom_padding=&#8220;0px||0px||false|false&#8220; global_colors_info=&#8220;{}&#8220;][et_pb_column type=&#8220;4_4&#8243; _builder_version=&#8220;4.9.4&#8243; _module_preset=&#8220;default&#8220; global_colors_info=&#8220;{}&#8220;][et_pb_toggle title=&#8220;Warum sollte ich mit einem E-Trace fahren und nicht mit einem Fatbike oder einem Mountainbike?&#8220; open_toggle_text_color=&#8220;#0762c8&#8243; icon_color=&#8220;#db0b5b&#8220; use_icon_font_size=&#8220;on&#8220; module_class=&#8220;custom_toggle&#8220; _builder_version=&#8220;4.9.4&#8243; _module_preset=&#8220;default&#8220; title_text_color=&#8220;#0762c8&#8243; title_level=&#8220;h3&#8243; title_font_size=&#8220;20px&#8220; animation_style=&#8220;fade&#8220; border_color_all=&#8220;#0762c8&#8243; global_colors_info=&#8220;{}&#8220;]<\/p>\n<p>Weil die Fatbikes, E-Mountainbikes im Schnee f\u00fcr erfahrene Benutzer gedacht sind, denn das Risiko von St\u00fcrzen mit schwerwiegenden Folgen ist sehr hoch. Das E-Trace ist das einzige f\u00fcr eine Benutzung im Schnee konzipierte E-Mountainbike.<\/p>\n<p>[\/et_pb_toggle][et_pb_toggle title=&#8220;F\u00fcr welches Gel\u00e4nde ist das E-Trace geeignet?&#8220; open_toggle_text_color=&#8220;#0762c8&#8243; icon_color=&#8220;#db0b5b&#8220; use_icon_font_size=&#8220;on&#8220; module_class=&#8220;custom_toggle&#8220; _builder_version=&#8220;4.9.4&#8243; _module_preset=&#8220;default&#8220; title_text_color=&#8220;#0762c8&#8243; title_level=&#8220;h3&#8243; title_font_size=&#8220;20px&#8220; animation_style=&#8220;fade&#8220; border_color_all=&#8220;#0762c8&#8243; global_colors_info=&#8220;{}&#8220;]<\/p>\n<p>Es f\u00e4hrt auf allen Wander- und Spazierwegen f\u00fcr Fu\u00dfg\u00e4nger, Schneeschuhl\u00e4ufer usw.<\/p>\n<p>[\/et_pb_toggle][et_pb_toggle title=&#8220;Wie bin ich im Falle eines Unfalls versichert?&#8220; open_toggle_text_color=&#8220;#0762c8&#8243; icon_color=&#8220;#db0b5b&#8220; use_icon_font_size=&#8220;on&#8220; module_class=&#8220;custom_toggle&#8220; _builder_version=&#8220;4.9.4&#8243; _module_preset=&#8220;default&#8220; title_text_color=&#8220;#0762c8&#8243; title_level=&#8220;h3&#8243; title_font_size=&#8220;20px&#8220; animation_style=&#8220;fade&#8220; border_color_all=&#8220;#0762c8&#8243; global_colors_info=&#8220;{}&#8220;]<\/p>\n<p>Durch meine Hausratversicherung, denn das E-Trace ist gem\u00e4\u00df der Norm EN 15194 \u00ab Fahrr\u00e4der \u2013 Elektromotorisch unterst\u00fctzte R\u00e4der \u00bb zugelassen.<\/p>\n<p>[\/et_pb_toggle][et_pb_toggle title=&#8220;Ich bin nicht sportlich und ich kann nicht Ski laufen. Kann ich das E-Trace fahren?&#8220; open_toggle_text_color=&#8220;#0762c8&#8243; icon_color=&#8220;#db0b5b&#8220; use_icon_font_size=&#8220;on&#8220; module_class=&#8220;custom_toggle&#8220; _builder_version=&#8220;4.9.4&#8243; _module_preset=&#8220;default&#8220; title_text_color=&#8220;#0762c8&#8243; title_level=&#8220;h3&#8243; title_font_size=&#8220;20px&#8220; animation_style=&#8220;fade&#8220; border_color_all=&#8220;#0762c8&#8243; global_colors_info=&#8220;{}&#8220;]<\/p>\n<p>Die Handhabung ist einfach. Es ist keine vorherige Schulung erforderlich. Die verschiedenen Fahrmodi bieten Spa\u00df f\u00fcr jeden.<\/p>\n<p>[\/et_pb_toggle][et_pb_toggle title=&#8220;Ist das E-Trace umweltfreundlich?&#8220; open_toggle_text_color=&#8220;#0762c8&#8243; icon_color=&#8220;#db0b5b&#8220; use_icon_font_size=&#8220;on&#8220; module_class=&#8220;custom_toggle&#8220; _builder_version=&#8220;4.9.4&#8243; _module_preset=&#8220;default&#8220; title_text_color=&#8220;#0762c8&#8243; title_level=&#8220;h3&#8243; title_font_size=&#8220;20px&#8220; animation_style=&#8220;fade&#8220; border_color_all=&#8220;#0762c8&#8243; global_colors_info=&#8220;{}&#8220;]<\/p>\n<p>Ja; das E-Trace steht in vollem Einklang mit den Werten der nachhaltigen Entwicklung. Das im Herzen der Alpen entwickelte E-Trace ist emissionsfrei.<\/p>\n<p>[\/et_pb_toggle][et_pb_toggle title=&#8220;Ich bin 1,52 m gro\u00df. Kann ich das E-Trace fahren?&#8220; open_toggle_text_color=&#8220;#0762c8&#8243; icon_color=&#8220;#db0b5b&#8220; use_icon_font_size=&#8220;on&#8220; module_class=&#8220;custom_toggle&#8220; _builder_version=&#8220;4.9.4&#8243; _module_preset=&#8220;default&#8220; title_text_color=&#8220;#0762c8&#8243; title_level=&#8220;h3&#8243; title_font_size=&#8220;20px&#8220; animation_style=&#8220;fade&#8220; border_color_all=&#8220;#0762c8&#8243; global_colors_info=&#8220;{}&#8220;]<\/p>\n<p>Ja, die Mindestgr\u00f6\u00dfe des Benutzers liegt bei 145 cm. Die Einstellung des Sitzes ist einfach und dauert nur eine Minute.<\/p>\n<p>[\/et_pb_toggle][et_pb_toggle title=&#8220;Hat das E-Trace einen R\u00fcckw\u00e4rtsgang?&#8220; open_toggle_text_color=&#8220;#0762c8&#8243; icon_color=&#8220;#db0b5b&#8220; use_icon_font_size=&#8220;on&#8220; module_class=&#8220;custom_toggle&#8220; _builder_version=&#8220;4.9.4&#8243; _module_preset=&#8220;default&#8220; title_text_color=&#8220;#0762c8&#8243; title_level=&#8220;h3&#8243; title_font_size=&#8220;20px&#8220; animation_style=&#8220;fade&#8220; border_color_all=&#8220;#0762c8&#8243; global_colors_info=&#8220;{}&#8220;]<\/p>\n<p>Nein, das E-Trace ist ein Fahrrad und hat somit keinen R\u00fcckw\u00e4rtsgang. Der Wendekreis ist sehr klein.<\/p>\n<p>[\/et_pb_toggle][et_pb_toggle title=&#8220;Muss ich treten, wenn ich bergab fahre?&#8220; open_toggle_text_color=&#8220;#0762c8&#8243; icon_color=&#8220;#db0b5b&#8220; use_icon_font_size=&#8220;on&#8220; module_class=&#8220;custom_toggle&#8220; _builder_version=&#8220;4.9.4&#8243; _module_preset=&#8220;default&#8220; title_text_color=&#8220;#0762c8&#8243; title_level=&#8220;h3&#8243; title_font_size=&#8220;20px&#8220; animation_style=&#8220;fade&#8220; border_color_all=&#8220;#0762c8&#8243; global_colors_info=&#8220;{}&#8220;]<\/p>\n<p>Nein, wie jedes Fahrrad hat das E-Trace einen Freilauf. Die Raupe rollt nat\u00fcrlich auf dem Schnee.<\/p>\n<p>[\/et_pb_toggle][et_pb_toggle title=&#8220;Welche Steigung kann ich mit dem E-Trace hochfahren?&#8220; open_toggle_text_color=&#8220;#0762c8&#8243; icon_color=&#8220;#db0b5b&#8220; use_icon_font_size=&#8220;on&#8220; module_class=&#8220;custom_toggle&#8220; _builder_version=&#8220;4.12.1&#8243; _module_preset=&#8220;default&#8220; title_text_color=&#8220;#0762c8&#8243; title_level=&#8220;h3&#8243; title_font_size=&#8220;20px&#8220; animation_style=&#8220;fade&#8220; hover_enabled=&#8220;0&#8243; border_color_all=&#8220;#0762c8&#8243; global_colors_info=&#8220;{}&#8220; sticky_enabled=&#8220;0&#8243;]<\/p>\n<p>Das E-Trace kann eine Steigung von 30 % hochfahren. Wie beim Fahrrad spielen auch das Gel\u00e4nde, die Schneeverh\u00e4ltnisse und Ihre Kondition eine Rolle.<\/p>\n<p>[\/et_pb_toggle][et_pb_toggle title=&#8220;Das E-Trace hat nur eine Bremse, ist das ausreichend?&#8220; open_toggle_text_color=&#8220;#0762c8&#8243; icon_color=&#8220;#db0b5b&#8220; use_icon_font_size=&#8220;on&#8220; module_class=&#8220;custom_toggle&#8220; _builder_version=&#8220;4.9.4&#8243; _module_preset=&#8220;default&#8220; title_text_color=&#8220;#0762c8&#8243; title_level=&#8220;h3&#8243; title_font_size=&#8220;20px&#8220; animation_style=&#8220;fade&#8220; hover_enabled=&#8220;0&#8243; border_color_all=&#8220;#0762c8&#8243; global_colors_info=&#8220;{}&#8220; sticky_enabled=&#8220;0&#8243;]<\/p>\n<p>Ja, das E-Trace verf\u00fcgt \u00fcber eine extrem leistungsstarke Scheibenbremse. Die Bremstechnik ist der von Schneemobilen sehr \u00e4hnlich.<\/p>\n<p>[\/et_pb_toggle][\/et_pb_column][\/et_pb_row][\/et_pb_section]<\/p>\n","protected":false},"excerpt":{"rendered":"<p>Weil die Fatbikes, E-Mountainbikes im Schnee f\u00fcr erfahrene Benutzer gedacht sind, denn das Risiko von St\u00fcrzen mit schwerwiegenden Folgen ist sehr hoch. Das E-Trace ist das einzige f\u00fcr eine Benutzung im Schnee konzipierte E-Mountainbike.Es f\u00e4hrt auf allen Wander- und Spazierwegen f\u00fcr Fu\u00dfg\u00e4nger, Schneeschuhl\u00e4ufer usw.Durch meine Hausratversicherung, denn das E-Trace ist gem\u00e4\u00df der Norm EN 15194 [&hellip;]<\/p>\n","protected":false},"author":1,"featured_media":0,"parent":0,"menu_order":0,"comment_status":"closed","ping_status":"closed","template":"","meta":{"_seopress_robots_primary_cat":"","_seopress_titles_title":"Warum sollte ich mit einem E-Trace fahren und nicht mit einem Fatbike oder einem Mountainbike?","_seopress_titles_desc":"Hier beantworten wir Ihre am h\u00e4ufigsten gestellten Fragen : Warum sollte ich mit einem E-Trace fahren und nicht mit einem Fatbike oder einem Mountainbike?...","_seopress_robots_index":"","_et_pb_use_builder":"on","_et_pb_old_content":"","_et_gb_content_width":"","footnotes":""},"class_list":["post-253877","page","type-page","status-publish","hentry"],"_links":{"self":[{"href":"https:\/\/www.arosno.com\/de\/wp-json\/wp\/v2\/pages\/253877","targetHints":{"allow":["GET"]}}],"collection":[{"href":"https:\/\/www.arosno.com\/de\/wp-json\/wp\/v2\/pages"}],"about":[{"href":"https:\/\/www.arosno.com\/de\/wp-json\/wp\/v2\/types\/page"}],"author":[{"embeddable":true,"href":"https:\/\/www.arosno.com\/de\/wp-json\/wp\/v2\/users\/1"}],"replies":[{"embeddable":true,"href":"https:\/\/www.arosno.com\/de\/wp-json\/wp\/v2\/comments?post=253877"}],"version-history":[{"count":5,"href":"https:\/\/www.arosno.com\/de\/wp-json\/wp\/v2\/pages\/253877\/revisions"}],"predecessor-version":[{"id":254151,"href":"https:\/\/www.arosno.com\/de\/wp-json\/wp\/v2\/pages\/253877\/revisions\/254151"}],"wp:attachment":[{"href":"https:\/\/www.arosno.com\/de\/wp-json\/wp\/v2\/media?parent=253877"}],"curies":[{"name":"wp","href":"https:\/\/api.w.org\/{rel}","templated":true}]}}