{"id":254055,"date":"2021-04-15T08:23:45","date_gmt":"2021-04-15T07:23:45","guid":{"rendered":"https:\/\/www.arosno.com\/product\/e-trace-pre-commande\/"},"modified":"2022-03-25T16:03:41","modified_gmt":"2022-03-25T15:03:41","slug":"e-trace-vorbestellung","status":"publish","type":"product","link":"https:\/\/www.arosno.com\/de\/e-trace-vorbestellung\/","title":{"rendered":"E-TRACE &#8211; Lieferung Dezember 2022"},"content":{"rendered":"<p>[et_pb_section fb_built=&#8220;1&#8243; _builder_version=&#8220;4.15&#8243; custom_padding=&#8220;0px||0px||false|false&#8220; global_colors_info=&#8220;{}&#8220;][et_pb_row column_structure=&#8220;1_2,1_2&#8243; _builder_version=&#8220;4.15&#8243; background_size=&#8220;initial&#8220; background_position=&#8220;top_left&#8220; background_repeat=&#8220;repeat&#8220; width=&#8220;100%&#8220; custom_padding=&#8220;0px||0px||false|false&#8220; global_colors_info=&#8220;{}&#8220;][et_pb_column type=&#8220;1_2&#8243; _builder_version=&#8220;4.15&#8243; custom_padding=&#8220;|||&#8220; global_colors_info=&#8220;{}&#8220; custom_padding__hover=&#8220;|||&#8220;][et_pb_text _builder_version=&#8220;4.15&#8243; _module_preset=&#8220;default&#8220; global_colors_info=&#8220;{}&#8220;]<\/p>\n<h4>Benutzer:<\/h4>\n<p>Gr\u00f6\u00dfe: 145 bis 200 cm<br \/>Gewicht: Max. 120 kg<\/p>\n<h4>Elektrische Motorunterst\u00fctzung:<\/h4>\n<p>Motor Sachs RS 250 W- 110 Nm <br \/>Unterst\u00fctzung bis zu 25 km\/h\u2013 16 Meilen pro Stunde<br \/>Display Sachs Control Unit B100R <br \/>Abnehmbare Batterie 48 V &#8211; 946 Wh \u2013 Betriebstemperatur beim Entladen -20 bis +55 \u00b0C <br \/>Partnerschaft mit dem Hersteller f\u00fcr das Recycling &#8211; Autonomie bis 45 km \u2013 28 Meilen<\/p>\n<h4>Rahmen:<\/h4>\n<p>Hochwertige Aluminiumlegierung<\/p>\n<h4>Federung:<\/h4>\n<p>Sto\u00dfd\u00e4mpfer vorne 45 mm Federweg<\/p>\n<h4>Sitz:<\/h4>\n<p>Ergonomischer Sitz aus Verbundwerkstoff f\u00fcr maximalen Komfort und Kraft<\/p>\n<h4>Skis:<\/h4>\n<p>Skier, die f\u00fcr eine au\u00dfergew\u00f6hnliche Schwimmf\u00e4higkeit entwickelt wurden, extrem robust, ultrahochdichtes Polyethylen<\/p>\n<h4>Lenkerb\u00fcgel:<\/h4>\n<p>Speziell f\u00fcr das E-Trace entworfenes ergonomisches Design<\/p>\n<h4>Steuersatz:<\/h4>\n<p>Enduro Bearings Kugellager aus Edelstahl<\/p>\n<h4>Beleuchtung:<\/h4>\n<p>Scheinwerfer Supernova MINI 2 PRO (235 \/ 550 Lumen)<br \/>R\u00fccklicht Supernova E3 Tail Light<\/p>\n<p>[\/et_pb_text][\/et_pb_column][et_pb_column type=&#8220;1_2&#8243; _builder_version=&#8220;4.15&#8243; custom_padding=&#8220;|||&#8220; global_colors_info=&#8220;{}&#8220; custom_padding__hover=&#8220;|||&#8220;][et_pb_text _builder_version=&#8220;4.15&#8243; _module_preset=&#8220;default&#8220; global_colors_info=&#8220;{}&#8220;]<\/p>\n<h4>Transmission:<\/h4>\n<p>Kraft\u00fcbertragung:<br \/>\nNabenschaltung mit stufenlosem Enviolo Getriebe (0- 380 %)<br \/>\nDrehschalthebel<br \/>\nKette KMC e101 EPT<br \/>\nKurbelarme: FSA 170 mm<br \/>\nShimano Pedale XT PD-M8140<\/p>\n<h4>Gummiraupenkette:<\/h4>\n<p>Hochleistungsgummikette von Camso, dem bew\u00e4hrtesten Hersteller von Schneemobilketten<\/p>\n<h4>Bremse:<\/h4>\n<p>Magura MT5 eSTOP<\/p>\n<h4>Bremsscheibe:<\/h4>\n<p>Magura MDR-C 180 mm<\/p>\n<h4>Allgemeine Eigenschaften:<\/h4>\n<p>Gesamtabmessungen mit<em> \/ ohne Sitz<\/em>: 1930 x 920 x 1038 <em>\/ 530<\/em> mm &#8211; 76 x 36 x 41 <em>\/ 21<\/em> in. (LxBxH)<br \/>\nGewicht: 45 kg mit abnehmbarer Batterie<br \/>\nAbmessungen Transportkiste f\u00fcr die Lieferung: 1000 x 600 x 1600 mm &#8211; 39 x 24 x 63 in. (LxBxH)<br \/>\nGarantie: Rahmen 5 Jahre &#8211; andere Komponenten 1 Jahr<\/p>\n<h4>Verf\u00fcgbare Optionen vor Lieferung:<\/h4>\n<p>Zweite Batterie<br \/>\nLastentr\u00e4ger f\u00fcr das E-Trace auf der Anh\u00e4ngerkupplung Ihres Fahrzeugs<\/p>\n<p><strong>Die Konfiguration kann nach Ermessen von Arosno ge\u00e4ndert werden, um eine gleichwertige oder bessere Leistung zu erzielen.<\/strong>[\/et_pb_text][\/et_pb_column][\/et_pb_row][et_pb_row _builder_version=&#8220;4.15&#8243; background_size=&#8220;initial&#8220; background_position=&#8220;top_left&#8220; background_repeat=&#8220;repeat&#8220; width=&#8220;100%&#8220; custom_padding=&#8220;||0px||false|false&#8220; global_colors_info=&#8220;{}&#8220;][et_pb_column type=&#8220;4_4&#8243; _builder_version=&#8220;4.15&#8243; custom_padding=&#8220;|||&#8220; global_colors_info=&#8220;{}&#8220; custom_padding__hover=&#8220;|||&#8220;][et_pb_text _builder_version=&#8220;4.15&#8243; _module_preset=&#8220;default&#8220; custom_padding=&#8220;|0px||0px|false|false&#8220; global_colors_info=&#8220;{}&#8220;]<\/p>\n<h3 style=\"text-align: left; margin-bottom: 20px;\">Die Online-Vorbestellung ist Privatkunden vorbehalten.<\/h3>\n<h3 style=\"text-align: left;\">Sie sind ein <strong>Unternehmen<\/strong>: Wir bieten Ihnen E-Trace-Parks an, die Sie dann vermieten k\u00f6nnen.<\/h3>\n<h3 style=\"text-align: left;\">Mengenrabatt m\u00f6glich.<\/h3>\n<h3 style=\"text-align: left;\">Schreiben Sie uns: <a href=\"mailto:sales@arosno.com\">sales@arosno.com<\/a> f\u00fcr Ihre Vorbestellun<\/h3>\n<p>[\/et_pb_text][\/et_pb_column][\/et_pb_row][\/et_pb_section]<\/p>\n","protected":false},"excerpt":{"rendered":"<ul class=\"carrot-list indent\">\n<li><strong>Zugelassen gem\u00e4\u00df der Norm EN 15194<\/strong> \u00ab Fahrr\u00e4der- Elektromotorisch unterst\u00fctzte R\u00e4der \u00bb<\/li>\n<li><strong>Gr\u00f6\u00dfe und Gewicht des Benutzers:<\/strong> 145 bis 200 cm- max. 120 kg<br \/>\nSitz in 10 Sekunden verstellbar<\/li>\n<li><strong>Gesamtabmessungen:<\/strong> 1930 x 920 x 1038 mm &#8211; 76 x 36 x 41 in. (LxBxH)<\/li>\n<li><strong>Garantie:<\/strong> Rahmen 5 Jahre &#8211; andere Komponenten 1 Jahr<\/li>\n<li><strong>Spa\u00df, Spiel und Sicherheit<\/strong><\/li>\n<\/ul>\n<p>Transport des E-Trace so einfach wie der eines E-Bikes: auf einem Lastentr\u00e4ger auf der Anh\u00e4ngerkupplung Ihres Fahrzeugs (f\u00fcr Bestellungen ab Mai 2022 erh\u00e4ltliche Option)<\/p>\n","protected":false},"featured_media":254063,"template":"","meta":{"_seopress_robots_primary_cat":"none","_seopress_titles_title":"Jetzt E-trace vorbestellen","_seopress_titles_desc":"Jetzt E-trace vorbestellen, das erste e-snowbike oder elektrische schneefahrrad der welt!","_seopress_robots_index":"","_et_pb_use_builder":"on","_et_pb_old_content":"<h4>Jetzt vorbestellen und 10 % bezahlen<\/h4>","_et_gb_content_width":""},"product_brand":[],"product_cat":[66],"product_tag":[],"class_list":{"0":"post-254055","1":"product","2":"type-product","3":"status-publish","4":"has-post-thumbnail","6":"product_cat-non-classe-de","7":"tm-has-options","9":"first","10":"instock","11":"taxable","12":"shipping-taxable","13":"purchasable","14":"product-type-simple"},"_links":{"self":[{"href":"https:\/\/www.arosno.com\/de\/wp-json\/wp\/v2\/product\/254055","targetHints":{"allow":["GET"]}}],"collection":[{"href":"https:\/\/www.arosno.com\/de\/wp-json\/wp\/v2\/product"}],"about":[{"href":"https:\/\/www.arosno.com\/de\/wp-json\/wp\/v2\/types\/product"}],"wp:featuredmedia":[{"embeddable":true,"href":"https:\/\/www.arosno.com\/de\/wp-json\/wp\/v2\/media\/254063"}],"wp:attachment":[{"href":"https:\/\/www.arosno.com\/de\/wp-json\/wp\/v2\/media?parent=254055"}],"wp:term":[{"taxonomy":"product_brand","embeddable":true,"href":"https:\/\/www.arosno.com\/de\/wp-json\/wp\/v2\/product_brand?post=254055"},{"taxonomy":"product_cat","embeddable":true,"href":"https:\/\/www.arosno.com\/de\/wp-json\/wp\/v2\/product_cat?post=254055"},{"taxonomy":"product_tag","embeddable":true,"href":"https:\/\/www.arosno.com\/de\/wp-json\/wp\/v2\/product_tag?post=254055"}],"curies":[{"name":"wp","href":"https:\/\/api.w.org\/{rel}","templated":true}]}}